{"id":325,"date":"2024-10-21T05:54:24","date_gmt":"2024-10-21T05:54:24","guid":{"rendered":"https:\/\/frenify.com\/work\/envato\/frenify\/wp\/mow\/news\/?page_id=325"},"modified":"2026-01-20T10:43:05","modified_gmt":"2026-01-20T02:43:05","slug":"home","status":"publish","type":"page","link":"https:\/\/www.go2posts.com\/vi\/home\/","title":{"rendered":"Home"},"content":{"rendered":"\t\t<div data-elementor-type=\"wp-page\" data-elementor-id=\"325\" class=\"elementor elementor-325\">\n\t\t\t\t<div class=\"elementor-element elementor-element-8cbf9ae e-flex e-con-boxed e-con e-parent\" data-id=\"8cbf9ae\" data-element_type=\"container\" data-e-type=\"container\">\n\t\t\t\t\t<div class=\"e-con-inner\">\n\t\t\t\t\t<\/div>\n\t\t\t\t<\/div>\n\t\t<div class=\"elementor-element elementor-element-11c6095 e-flex e-con-boxed e-con e-parent\" data-id=\"11c6095\" data-element_type=\"container\" data-e-type=\"container\">\n\t\t\t\t\t<div class=\"e-con-inner\">\n\t\t\t\t<div class=\"elementor-element elementor-element-021a35f elementor-widget elementor-widget-shortcode\" data-id=\"021a35f\" data-element_type=\"widget\" data-e-type=\"widget\" data-widget_type=\"shortcode.default\">\n\t\t\t\t<div class=\"elementor-widget-container\">\n\t\t\t\t\t\t\t<div class=\"elementor-shortcode\"><div class=\"pt-cv-wrapper\"><div class=\"pt-cv-view pt-cv-blockgrid iscvblock iscvhybrid list1 layout1\" id=\"pt-cv-view-a610da3j5e\"><div data-id=\"pt-cv-page-1\" class=\"pt-cv-page\" data-cvc=\"1\"><div class=\" pt-cv-content-item pt-cv-2-col\" ><h3 class=\"pt-cv-title\"><a href=\"https:\/\/www.go2posts.com\/vi\/five-forces-analysis-solo-founders\/\" class=\"_self\" target=\"_self\" >Ph\u00e2n t\u00edch N\u0103m L\u1ef1c l\u01b0\u1ee3ng cho C\u00e1c Nh\u00e0 S\u00e1ng l\u1eadp \u0110\u1ed9c Th\u00e2n: C\u00e1ch Ti\u1ebfp c\u1eadn T\u1ed1i \u01afu H\u00f3a Chi\u1ebfn L\u01b0\u1ee3c<\/a><\/h3>\n<div class=\"pt-cv-content\">V\u1eadn h\u00e0nh m\u1ed9t doanh nghi\u1ec7p m\u1ed9t m\u00ecnh \u0111\u00f2i h\u1ecfi m\u1ed9t lo\u1ea1i k\u1ef7 lu\u1eadt chi\u1ebfn l\u01b0\u1ee3c kh\u00e1c bi\u1ec7t so v\u1edbi vi\u1ec7c ...<br \/><div class=\"pt-cv-rmwrap\"><a href=\"https:\/\/www.go2posts.com\/vi\/five-forces-analysis-solo-founders\/\" class=\"_self pt-cv-readmore btn btn-success\" target=\"_self\">Read More<\/a><\/div><\/div><\/div>\n<div class=\" pt-cv-content-item pt-cv-2-col\" ><h3 class=\"pt-cv-title\"><a href=\"https:\/\/www.go2posts.com\/vi\/five-forces-analysis-case-study-hardware-startup-supply-chain\/\" class=\"_self\" target=\"_self\" >Nghi\u00ean c\u1ee9u tr\u01b0\u1eddng h\u1ee3p Ph\u00e2n t\u00edch N\u0103m L\u1ef1c l\u01b0\u1ee3ng: M\u1ed9t startup ph\u1ea7n c\u1ee9ng v\u01b0\u1ee3t qua c\u00e1c r\u1ee7i ro chu\u1ed7i cung \u1ee9ng<\/a><\/h3>\n<div class=\"pt-cv-content\">Ng\u00e0nh c\u00f4ng nghi\u1ec7p ph\u1ea7n c\u1ee9ng \u0111\u1eb7t ra m\u1ed9t b\u1ed9 th\u00e1ch th\u1ee9c \u0111\u1eb7c bi\u1ec7t cho c\u00e1c startup. Kh\u00e1c v\u1edbi c\u00e1c c\u00f4ng ...<br \/><div class=\"pt-cv-rmwrap\"><a href=\"https:\/\/www.go2posts.com\/vi\/five-forces-analysis-case-study-hardware-startup-supply-chain\/\" class=\"_self pt-cv-readmore btn btn-success\" target=\"_self\">Read More<\/a><\/div><\/div><\/div>\n<div class=\" pt-cv-content-item pt-cv-2-col\" ><h3 class=\"pt-cv-title\"><a href=\"https:\/\/www.go2posts.com\/vi\/package-diagram-quick-start-guide\/\" class=\"_self\" target=\"_self\" >H\u01b0\u1edbng d\u1eabn nhanh s\u01a1 \u0111\u1ed3 g\u00f3i: V\u1ebd s\u01a1 \u0111\u1ed3 \u0111\u1ea7u ti\u00ean c\u1ee7a b\u1ea1n trong v\u00e0i ph\u00fat<\/a><\/h3>\n<div class=\"pt-cv-content\">T\u1ea1o ra m\u1ed9t bi\u1ec3u di\u1ec5n tr\u1ef1c quan r\u00f5 r\u00e0ng v\u1ec1 ki\u1ebfn tr\u00fac h\u1ec7 th\u1ed1ng c\u1ee7a b\u1ea1n l\u00e0 k\u1ef9 n\u0103ng c\u01a1 ...<br \/><div class=\"pt-cv-rmwrap\"><a href=\"https:\/\/www.go2posts.com\/vi\/package-diagram-quick-start-guide\/\" class=\"_self pt-cv-readmore btn btn-success\" target=\"_self\">Read More<\/a><\/div><\/div><\/div>\n<div class=\" pt-cv-content-item pt-cv-2-col\" ><h3 class=\"pt-cv-title\"><a href=\"https:\/\/www.go2posts.com\/vi\/five-forces-analysis-for-startups-guide\/\" class=\"_self\" target=\"_self\" >Ph\u00e2n t\u00edch N\u0103m L\u1ef1c l\u01b0\u1ee3ng cho C\u00e1c C\u00f4ng ty Kh\u1edfi nghi\u1ec7p: T\u1ed5ng quan B\u1eaft bu\u1ed9c B\u1ea1n C\u1ea7n Tr\u01b0\u1edbc Khi Ra M\u1eaft<\/a><\/h3>\n<div class=\"pt-cv-content\">Th\u00e2m nh\u1eadp m\u1ed9t th\u1ecb tr\u01b0\u1eddng m\u1edbi m\u00e0 kh\u00f4ng hi\u1ec3u r\u00f5 b\u1ee9c tranh c\u1ea1nh tranh th\u00ec gi\u1ed1ng nh\u01b0 \u0111i\u1ec1u khi\u1ec3n m\u1ed9t ...<br \/><div class=\"pt-cv-rmwrap\"><a href=\"https:\/\/www.go2posts.com\/vi\/five-forces-analysis-for-startups-guide\/\" class=\"_self pt-cv-readmore btn btn-success\" target=\"_self\">Read More<\/a><\/div><\/div><\/div>\n<div class=\" pt-cv-content-item pt-cv-2-col\" ><h3 class=\"pt-cv-title\"><a href=\"https:\/\/www.go2posts.com\/vi\/visualizing-system-boundaries-package-diagram\/\" class=\"_self\" target=\"_self\" >Tr\u1ef1c quan h\u00f3a ranh gi\u1edbi h\u1ec7 th\u1ed1ng: Ngh\u1ec7 thu\u1eadt c\u1ee7a s\u01a1 \u0111\u1ed3 g\u00f3i<\/a><\/h3>\n<div class=\"pt-cv-content\">Trong k\u1ef9 thu\u1eadt ph\u1ea7n m\u1ec1m ph\u1ee9c t\u1ea1p, s\u1ef1 r\u00f5 r\u00e0ng l\u00e0 t\u00e0i s\u1ea3n qu\u00fd gi\u00e1 nh\u1ea5t. Khi h\u1ec7 th\u1ed1ng ph\u00e1t ...<br \/><div class=\"pt-cv-rmwrap\"><a href=\"https:\/\/www.go2posts.com\/vi\/visualizing-system-boundaries-package-diagram\/\" class=\"_self pt-cv-readmore btn btn-success\" target=\"_self\">Read More<\/a><\/div><\/div><\/div><\/div><\/div>\n<div class=\" pt-cv-pagination-wrapper\"><ul class=\"pt-cv-pagination pt-cv-ajax pagination\" data-totalpages=\"142\" data-currentpage=\"1\" data-sid=\"a610da3j5e\" data-unid=\"\" data-isblock=\"\" data-postid=\"\"><li class=\"active\"><a href=\"#\">1<\/a><\/li>\n\t<li ><a class=\"\" href=\"https:\/\/www.go2posts.com\/vi\/wp-json\/wp\/v2\/pages\/325\/?_page=2\">2<\/a><\/li>\n\t<li ><a class=\"\" href=\"https:\/\/www.go2posts.com\/vi\/wp-json\/wp\/v2\/pages\/325\/?_page=3\">3<\/a><\/li>\n\t<li ><a href=\"#\">&hellip;<\/a><\/li>\n\t<li ><a class=\"\" href=\"https:\/\/www.go2posts.com\/vi\/wp-json\/wp\/v2\/pages\/325\/?_page=142\">142<\/a><\/li>\n\t<li ><a class=\" \" href=\"https:\/\/www.go2posts.com\/vi\/wp-json\/wp\/v2\/pages\/325\/?_page=2\">&rsaquo;<\/a><\/li>\n\t<\/ul><img decoding=\"async\" width=\"15\" height=\"15\" class=\"pt-cv-spinner\" alt=\"Loading...\" src=\"data:image\/gif;base64,R0lGODlhDwAPALMPAMrKygwMDJOTkz09PZWVla+vr3p6euTk5M7OzuXl5TMzMwAAAJmZmWZmZszMzP\/\/\/yH\/C05FVFNDQVBFMi4wAwEAAAAh+QQFCgAPACwAAAAADwAPAAAEQvDJaZaZOIcV8iQK8VRX4iTYoAwZ4iCYoAjZ4RxejhVNoT+mRGP4cyF4Pp0N98sBGIBMEMOotl6YZ3S61Bmbkm4mAgAh+QQFCgAPACwAAAAADQANAAAENPDJSRSZeA418itN8QiK8BiLITVsFiyBBIoYqnoewAD4xPw9iY4XLGYSjkQR4UAUD45DLwIAIfkEBQoADwAsAAAAAA8ACQAABC\/wyVlamTi3nSdgwFNdhEJgTJoNyoB9ISYoQmdjiZPcj7EYCAeCF1gEDo4Dz2eIAAAh+QQFCgAPACwCAAAADQANAAAEM\/DJBxiYeLKdX3IJZT1FU0iIg2RNKx3OkZVnZ98ToRD4MyiDnkAh6BkNC0MvsAj0kMpHBAAh+QQFCgAPACwGAAAACQAPAAAEMDC59KpFDll73HkAA2wVY5KgiK5b0RRoI6MuzG6EQqCDMlSGheEhUAgqgUUAFRySIgAh+QQFCgAPACwCAAIADQANAAAEM\/DJKZNLND\/kkKaHc3xk+QAMYDKsiaqmZCxGVjSFFCxB1vwy2oOgIDxuucxAMTAJFAJNBAAh+QQFCgAPACwAAAYADwAJAAAEMNAs86q1yaWwwv2Ig0jUZx3OYa4XoRAfwADXoAwfo1+CIjyFRuEho60aSNYlOPxEAAAh+QQFCgAPACwAAAIADQANAAAENPA9s4y8+IUVcqaWJ4qEQozSoAzoIyhCK2NFU2SJk0hNnyEOhKR2AzAAj4Pj4GE4W0bkJQIAOw==\" \/><div class=\"clear pt-cv-clear-pagination\"><\/div><\/div><\/div>\t\t\t<style type=\"text\/css\" id=\"pt-cv-inline-style-ceabc7erd0\">\n#pt-cv-view-a610da3j5e .pt-cv-thumb-wrapper:not(.miniwrap) { width: 30%; }#pt-cv-view-a610da3j5e .pt-cv-thumbnail:not(.pt-cv-thumbnailsm) { height: 100%; }#pt-cv-view-a610da3j5e > .pt-cv-page {grid-template-columns: repeat(1, 1fr);grid-gap: 15px;}\n@media all and (max-width: 1024px) { \n#pt-cv-view-a610da3j5e > .pt-cv-page {grid-template-columns: repeat(1, 1fr);}\n} \n@media all and (max-width: 767px) { \n#pt-cv-view-a610da3j5e > .pt-cv-page {grid-template-columns: repeat(1, 1fr);}\n} <\/style>\r\n\t\t\t<\/div>\n\t\t\t\t\t\t<\/div>\n\t\t\t\t<\/div>\n\t\t\t\t\t<\/div>\n\t\t\t\t<\/div>\n\t\t\t\t<\/div>\n\t\t","protected":false},"excerpt":{"rendered":"<p>Blog<\/p>\n","protected":false},"author":1,"featured_media":0,"parent":0,"menu_order":0,"comment_status":"closed","ping_status":"closed","template":"page-noblog.php","meta":{"_yoast_wpseo_title":"AI Tech Blog for IT News & Tutorials | %%sitename%%","_yoast_wpseo_metadesc":"Updated AI and IT news, tutorials, and practical knowledge shared on %%sitename%%","footnotes":""},"class_list":["post-325","page","type-page","status-publish","hentry"],"yoast_head":"<!-- This site is optimized with the Yoast SEO plugin v27.1.1 - https:\/\/yoast.com\/product\/yoast-seo-wordpress\/ -->\n<title>AI Tech Blog for IT News &amp; Tutorials | Go 2 Posts Vietnamese | Breaking Digital News &amp; Software Trends<\/title>\n<meta name=\"description\" content=\"Updated AI and IT news, tutorials, and practical knowledge shared on Go 2 Posts Vietnamese | Breaking Digital News &amp; Software Trends\" \/>\n<meta name=\"robots\" content=\"index, follow, max-snippet:-1, max-image-preview:large, max-video-preview:-1\" \/>\n<link rel=\"canonical\" href=\"https:\/\/www.go2posts.com\/vi\/\" \/>\n<meta property=\"og:locale\" content=\"vi_VN\" \/>\n<meta property=\"og:type\" content=\"article\" \/>\n<meta property=\"og:title\" content=\"AI Tech Blog for IT News &amp; Tutorials | Go 2 Posts Vietnamese | Breaking Digital News &amp; Software Trends\" \/>\n<meta property=\"og:description\" content=\"Updated AI and IT news, tutorials, and practical knowledge shared on Go 2 Posts Vietnamese | Breaking Digital News &amp; Software Trends\" \/>\n<meta property=\"og:url\" content=\"https:\/\/www.go2posts.com\/vi\/\" \/>\n<meta property=\"og:site_name\" content=\"Go 2 Posts Vietnamese | Breaking Digital News &amp; Software Trends\" \/>\n<meta property=\"article:modified_time\" content=\"2026-01-20T02:43:05+00:00\" \/>\n<meta name=\"twitter:card\" content=\"summary_large_image\" \/>\n<meta name=\"twitter:label1\" content=\"\u01af\u1edbc t\u00ednh th\u1eddi gian \u0111\u1ecdc\" \/>\n\t<meta name=\"twitter:data1\" content=\"1 ph\u00fat\" \/>\n<script type=\"application\/ld+json\" class=\"yoast-schema-graph\">{\"@context\":\"https:\/\/schema.org\",\"@graph\":[{\"@type\":\"WebPage\",\"@id\":\"https:\/\/www.go2posts.com\/vi\/\",\"url\":\"https:\/\/www.go2posts.com\/vi\/\",\"name\":\"AI Tech Blog for IT News & Tutorials | Go 2 Posts Vietnamese | Breaking Digital News &amp; Software Trends\",\"isPartOf\":{\"@id\":\"https:\/\/www.go2posts.com\/vi\/#website\"},\"datePublished\":\"2024-10-21T05:54:24+00:00\",\"dateModified\":\"2026-01-20T02:43:05+00:00\",\"description\":\"Updated AI and IT news, tutorials, and practical knowledge shared on Go 2 Posts Vietnamese | Breaking Digital News &amp; Software Trends\",\"breadcrumb\":{\"@id\":\"https:\/\/www.go2posts.com\/vi\/#breadcrumb\"},\"inLanguage\":\"vi\",\"potentialAction\":[{\"@type\":\"ReadAction\",\"target\":[\"https:\/\/www.go2posts.com\/vi\/\"]}]},{\"@type\":\"BreadcrumbList\",\"@id\":\"https:\/\/www.go2posts.com\/vi\/#breadcrumb\",\"itemListElement\":[{\"@type\":\"ListItem\",\"position\":1,\"name\":\"Home\",\"item\":\"https:\/\/www.go2posts.com\/vi\/\"},{\"@type\":\"ListItem\",\"position\":2,\"name\":\"Home\"}]},{\"@type\":\"WebSite\",\"@id\":\"https:\/\/www.go2posts.com\/vi\/#website\",\"url\":\"https:\/\/www.go2posts.com\/vi\/\",\"name\":\"Go 2 Posts Vietnamese | Breaking Digital News &amp; Software Trends\",\"description\":\"\",\"publisher\":{\"@id\":\"https:\/\/www.go2posts.com\/vi\/#organization\"},\"potentialAction\":[{\"@type\":\"SearchAction\",\"target\":{\"@type\":\"EntryPoint\",\"urlTemplate\":\"https:\/\/www.go2posts.com\/vi\/?s={search_term_string}\"},\"query-input\":{\"@type\":\"PropertyValueSpecification\",\"valueRequired\":true,\"valueName\":\"search_term_string\"}}],\"inLanguage\":\"vi\"},{\"@type\":\"Organization\",\"@id\":\"https:\/\/www.go2posts.com\/vi\/#organization\",\"name\":\"Go 2 Posts Vietnamese | Breaking Digital News &amp; Software Trends\",\"url\":\"https:\/\/www.go2posts.com\/vi\/\",\"logo\":{\"@type\":\"ImageObject\",\"inLanguage\":\"vi\",\"@id\":\"https:\/\/www.go2posts.com\/vi\/#\/schema\/logo\/image\/\",\"url\":\"https:\/\/www.go2posts.com\/vi\/wp-content\/uploads\/sites\/22\/2025\/01\/logo.png\",\"contentUrl\":\"https:\/\/www.go2posts.com\/vi\/wp-content\/uploads\/sites\/22\/2025\/01\/logo.png\",\"width\":341,\"height\":46,\"caption\":\"Go 2 Posts Vietnamese | Breaking Digital News &amp; Software Trends\"},\"image\":{\"@id\":\"https:\/\/www.go2posts.com\/vi\/#\/schema\/logo\/image\/\"}}]}<\/script>\n<!-- \/ Yoast SEO plugin. -->","yoast_head_json":{"title":"AI Tech Blog for IT News & Tutorials | Go 2 Posts Vietnamese | Breaking Digital News &amp; Software Trends","description":"Updated AI and IT news, tutorials, and practical knowledge shared on Go 2 Posts Vietnamese | Breaking Digital News &amp; Software Trends","robots":{"index":"index","follow":"follow","max-snippet":"max-snippet:-1","max-image-preview":"max-image-preview:large","max-video-preview":"max-video-preview:-1"},"canonical":"https:\/\/www.go2posts.com\/vi\/","og_locale":"vi_VN","og_type":"article","og_title":"AI Tech Blog for IT News & Tutorials | Go 2 Posts Vietnamese | Breaking Digital News &amp; Software Trends","og_description":"Updated AI and IT news, tutorials, and practical knowledge shared on Go 2 Posts Vietnamese | Breaking Digital News &amp; Software Trends","og_url":"https:\/\/www.go2posts.com\/vi\/","og_site_name":"Go 2 Posts Vietnamese | Breaking Digital News &amp; Software Trends","article_modified_time":"2026-01-20T02:43:05+00:00","twitter_card":"summary_large_image","twitter_misc":{"\u01af\u1edbc t\u00ednh th\u1eddi gian \u0111\u1ecdc":"1 ph\u00fat"},"schema":{"@context":"https:\/\/schema.org","@graph":[{"@type":"WebPage","@id":"https:\/\/www.go2posts.com\/vi\/","url":"https:\/\/www.go2posts.com\/vi\/","name":"AI Tech Blog for IT News & Tutorials | Go 2 Posts Vietnamese | Breaking Digital News &amp; Software Trends","isPartOf":{"@id":"https:\/\/www.go2posts.com\/vi\/#website"},"datePublished":"2024-10-21T05:54:24+00:00","dateModified":"2026-01-20T02:43:05+00:00","description":"Updated AI and IT news, tutorials, and practical knowledge shared on Go 2 Posts Vietnamese | Breaking Digital News &amp; Software Trends","breadcrumb":{"@id":"https:\/\/www.go2posts.com\/vi\/#breadcrumb"},"inLanguage":"vi","potentialAction":[{"@type":"ReadAction","target":["https:\/\/www.go2posts.com\/vi\/"]}]},{"@type":"BreadcrumbList","@id":"https:\/\/www.go2posts.com\/vi\/#breadcrumb","itemListElement":[{"@type":"ListItem","position":1,"name":"Home","item":"https:\/\/www.go2posts.com\/vi\/"},{"@type":"ListItem","position":2,"name":"Home"}]},{"@type":"WebSite","@id":"https:\/\/www.go2posts.com\/vi\/#website","url":"https:\/\/www.go2posts.com\/vi\/","name":"Go 2 Posts Vietnamese | Breaking Digital News &amp; Software Trends","description":"","publisher":{"@id":"https:\/\/www.go2posts.com\/vi\/#organization"},"potentialAction":[{"@type":"SearchAction","target":{"@type":"EntryPoint","urlTemplate":"https:\/\/www.go2posts.com\/vi\/?s={search_term_string}"},"query-input":{"@type":"PropertyValueSpecification","valueRequired":true,"valueName":"search_term_string"}}],"inLanguage":"vi"},{"@type":"Organization","@id":"https:\/\/www.go2posts.com\/vi\/#organization","name":"Go 2 Posts Vietnamese | Breaking Digital News &amp; Software Trends","url":"https:\/\/www.go2posts.com\/vi\/","logo":{"@type":"ImageObject","inLanguage":"vi","@id":"https:\/\/www.go2posts.com\/vi\/#\/schema\/logo\/image\/","url":"https:\/\/www.go2posts.com\/vi\/wp-content\/uploads\/sites\/22\/2025\/01\/logo.png","contentUrl":"https:\/\/www.go2posts.com\/vi\/wp-content\/uploads\/sites\/22\/2025\/01\/logo.png","width":341,"height":46,"caption":"Go 2 Posts Vietnamese | Breaking Digital News &amp; Software Trends"},"image":{"@id":"https:\/\/www.go2posts.com\/vi\/#\/schema\/logo\/image\/"}}]}},"_links":{"self":[{"href":"https:\/\/www.go2posts.com\/vi\/wp-json\/wp\/v2\/pages\/325","targetHints":{"allow":["GET"]}}],"collection":[{"href":"https:\/\/www.go2posts.com\/vi\/wp-json\/wp\/v2\/pages"}],"about":[{"href":"https:\/\/www.go2posts.com\/vi\/wp-json\/wp\/v2\/types\/page"}],"author":[{"embeddable":true,"href":"https:\/\/www.go2posts.com\/vi\/wp-json\/wp\/v2\/users\/1"}],"replies":[{"embeddable":true,"href":"https:\/\/www.go2posts.com\/vi\/wp-json\/wp\/v2\/comments?post=325"}],"version-history":[{"count":50,"href":"https:\/\/www.go2posts.com\/vi\/wp-json\/wp\/v2\/pages\/325\/revisions"}],"predecessor-version":[{"id":2560,"href":"https:\/\/www.go2posts.com\/vi\/wp-json\/wp\/v2\/pages\/325\/revisions\/2560"}],"wp:attachment":[{"href":"https:\/\/www.go2posts.com\/vi\/wp-json\/wp\/v2\/media?parent=325"}],"curies":[{"name":"wp","href":"https:\/\/api.w.org\/{rel}","templated":true}]}}